{"id":635,"date":"2025-05-06T15:10:55","date_gmt":"2025-05-06T13:10:55","guid":{"rendered":"https:\/\/vinoallamandorla.com\/prodotto\/vin-damande-il-blandanino-carton-de-6-bouteilles\/"},"modified":"2026-03-27T10:28:58","modified_gmt":"2026-03-27T09:28:58","slug":"vin-damande-il-blandanino-carton-de-6-bouteilles","status":"publish","type":"product","link":"https:\/\/vinoallamandorla.com\/fr\/prodotto\/vin-damande-il-blandanino-carton-de-6-bouteilles\/","title":{"rendered":"Vin aromatis\u00e9 aux amandes \u00ab Il Blandanino \u00bb"},"content":{"rendered":"<p>Le Blandanino, le vin d&#8217;amande de l&#8217;Antico Caff\u00e8 San Giorgio, vient du c\u0153ur de Castelmola, l\u00e0 o\u00f9 les terrasses historiques donnent sur la mer et o\u00f9 le temps semble s&#8217;\u00eatre arr\u00eat\u00e9.<br \/>\nUne recette secr\u00e8te cr\u00e9\u00e9e par le fondateur Don Vincenzo Blandano au d\u00e9but des ann\u00e9es 1900 revient \u00e0 la vie dans une bouteille iconique et pr\u00e9cieuse.<\/p>\n<p>Enveloppant, parfum\u00e9, d&#8217;une chaude couleur ambr\u00e9e, le Blandanino est un rituel, un souvenir, un cadeau \u00e0 offrir et \u00e0 s&#8217;offrir.<\/p>\n","protected":false},"excerpt":{"rendered":"<p>Le Blandanino, le vin d&#8217;amande de l&#8217;Antico Caff\u00e8 San Giorgio, vient du c\u0153ur de Castelmola, o\u00f9 les terrasses historiques surplombent la mer et o\u00f9 le temps semble s&#8217;\u00eatre arr\u00eat\u00e9.<\/p>\n","protected":false},"featured_media":629,"comment_status":"open","ping_status":"closed","template":"","meta":[],"product_brand":[],"product_cat":[35],"product_tag":[],"class_list":{"0":"post-635","1":"product","2":"type-product","3":"status-publish","4":"has-post-thumbnail","6":"product_cat-le-vin","8":"first","9":"instock","10":"shipping-taxable","11":"purchasable","12":"product-type-composite"},"yoast_head":"<!-- This site is optimized with the Yoast SEO plugin v25.3.1 - https:\/\/yoast.com\/wordpress\/plugins\/seo\/ -->\n<title>Vin d\u2019amande Taormina<\/title>\n<meta name=\"description\" content=\"Achetez en ligne le v\u00e9ritable vin d\u2019amande de Taormina : le Blandanino incarne toute l\u2019\u00e9l\u00e9gance de la tradition sicilienne dans un go\u00fbt unique et raffin\u00e9.\" \/>\n<meta name=\"robots\" content=\"index, follow, max-snippet:-1, max-image-preview:large, max-video-preview:-1\" \/>\n<link rel=\"canonical\" href=\"https:\/\/vinoallamandorla.com\/fr\/prodotto\/vin-damande-il-blandanino-carton-de-6-bouteilles\/\" \/>\n<meta property=\"og:locale\" content=\"fr_FR\" \/>\n<meta property=\"og:type\" content=\"article\" \/>\n<meta property=\"og:title\" content=\"Vin d\u2019amande Taormina\" \/>\n<meta property=\"og:description\" content=\"Achetez en ligne le v\u00e9ritable vin d\u2019amande de Taormina : le Blandanino incarne toute l\u2019\u00e9l\u00e9gance de la tradition sicilienne dans un go\u00fbt unique et raffin\u00e9.\" \/>\n<meta property=\"og:url\" content=\"https:\/\/vinoallamandorla.com\/fr\/prodotto\/vin-damande-il-blandanino-carton-de-6-bouteilles\/\" \/>\n<meta property=\"og:site_name\" content=\"Vino Alla Mandorla\" \/>\n<meta property=\"article:modified_time\" content=\"2026-03-27T09:28:58+00:00\" \/>\n<meta property=\"og:image\" content=\"https:\/\/vinoallamandorla.com\/wp-content\/uploads\/2025\/05\/vinio1-min.jpg\" \/>\n\t<meta property=\"og:image:width\" content=\"1154\" \/>\n\t<meta property=\"og:image:height\" content=\"1808\" \/>\n\t<meta property=\"og:image:type\" content=\"image\/jpeg\" \/>\n<meta name=\"twitter:card\" content=\"summary_large_image\" \/>\n<meta name=\"twitter:label1\" content=\"Dur\u00e9e de lecture estim\u00e9e\" \/>\n\t<meta name=\"twitter:data1\" content=\"1 minute\" \/>\n<script type=\"application\/ld+json\" class=\"yoast-schema-graph\">{\"@context\":\"https:\/\/schema.org\",\"@graph\":[{\"@type\":\"WebPage\",\"@id\":\"https:\/\/vinoallamandorla.com\/fr\/prodotto\/vin-damande-il-blandanino-carton-de-6-bouteilles\/\",\"url\":\"https:\/\/vinoallamandorla.com\/fr\/prodotto\/vin-damande-il-blandanino-carton-de-6-bouteilles\/\",\"name\":\"Vin d\u2019amande Taormina\",\"isPartOf\":{\"@id\":\"https:\/\/vinoallamandorla.com\/fr\/#website\"},\"primaryImageOfPage\":{\"@id\":\"https:\/\/vinoallamandorla.com\/fr\/prodotto\/vin-damande-il-blandanino-carton-de-6-bouteilles\/#primaryimage\"},\"image\":{\"@id\":\"https:\/\/vinoallamandorla.com\/fr\/prodotto\/vin-damande-il-blandanino-carton-de-6-bouteilles\/#primaryimage\"},\"thumbnailUrl\":\"https:\/\/vinoallamandorla.com\/wp-content\/uploads\/2025\/05\/vinio1-min.jpg\",\"datePublished\":\"2025-05-06T13:10:55+00:00\",\"dateModified\":\"2026-03-27T09:28:58+00:00\",\"description\":\"Achetez en ligne le v\u00e9ritable vin d\u2019amande de Taormina : le Blandanino incarne toute l\u2019\u00e9l\u00e9gance de la tradition sicilienne dans un go\u00fbt unique et raffin\u00e9.\",\"breadcrumb\":{\"@id\":\"https:\/\/vinoallamandorla.com\/fr\/prodotto\/vin-damande-il-blandanino-carton-de-6-bouteilles\/#breadcrumb\"},\"inLanguage\":\"fr-FR\",\"potentialAction\":[{\"@type\":\"ReadAction\",\"target\":[\"https:\/\/vinoallamandorla.com\/fr\/prodotto\/vin-damande-il-blandanino-carton-de-6-bouteilles\/\"]}]},{\"@type\":\"ImageObject\",\"inLanguage\":\"fr-FR\",\"@id\":\"https:\/\/vinoallamandorla.com\/fr\/prodotto\/vin-damande-il-blandanino-carton-de-6-bouteilles\/#primaryimage\",\"url\":\"https:\/\/vinoallamandorla.com\/wp-content\/uploads\/2025\/05\/vinio1-min.jpg\",\"contentUrl\":\"https:\/\/vinoallamandorla.com\/wp-content\/uploads\/2025\/05\/vinio1-min.jpg\",\"width\":1154,\"height\":1808},{\"@type\":\"BreadcrumbList\",\"@id\":\"https:\/\/vinoallamandorla.com\/fr\/prodotto\/vin-damande-il-blandanino-carton-de-6-bouteilles\/#breadcrumb\",\"itemListElement\":[{\"@type\":\"ListItem\",\"position\":1,\"name\":\"Home\",\"item\":\"https:\/\/vinoallamandorla.com\/fr\/\"},{\"@type\":\"ListItem\",\"position\":2,\"name\":\"Boutique\",\"item\":\"https:\/\/vinoallamandorla.com\/fr\/boutique\/\"},{\"@type\":\"ListItem\",\"position\":3,\"name\":\"Vin aromatis\u00e9 aux amandes \u00ab Il Blandanino \u00bb\"}]},{\"@type\":\"WebSite\",\"@id\":\"https:\/\/vinoallamandorla.com\/fr\/#website\",\"url\":\"https:\/\/vinoallamandorla.com\/fr\/\",\"name\":\"Vino Alla Mandorla\",\"description\":\"\",\"publisher\":{\"@id\":\"https:\/\/vinoallamandorla.com\/fr\/#organization\"},\"potentialAction\":[{\"@type\":\"SearchAction\",\"target\":{\"@type\":\"EntryPoint\",\"urlTemplate\":\"https:\/\/vinoallamandorla.com\/fr\/?s={search_term_string}\"},\"query-input\":{\"@type\":\"PropertyValueSpecification\",\"valueRequired\":true,\"valueName\":\"search_term_string\"}}],\"inLanguage\":\"fr-FR\"},{\"@type\":\"Organization\",\"@id\":\"https:\/\/vinoallamandorla.com\/fr\/#organization\",\"name\":\"Vino Alla Mandorla\",\"url\":\"https:\/\/vinoallamandorla.com\/fr\/\",\"logo\":{\"@type\":\"ImageObject\",\"inLanguage\":\"fr-FR\",\"@id\":\"https:\/\/vinoallamandorla.com\/fr\/#\/schema\/logo\/image\/\",\"url\":\"https:\/\/vinoallamandorla.com\/wp-content\/uploads\/2025\/06\/logo-black.png\",\"contentUrl\":\"https:\/\/vinoallamandorla.com\/wp-content\/uploads\/2025\/06\/logo-black.png\",\"width\":800,\"height\":316,\"caption\":\"Vino Alla Mandorla\"},\"image\":{\"@id\":\"https:\/\/vinoallamandorla.com\/fr\/#\/schema\/logo\/image\/\"}}]}<\/script>\n<!-- \/ Yoast SEO plugin. -->","yoast_head_json":{"title":"Vin d\u2019amande Taormina","description":"Achetez en ligne le v\u00e9ritable vin d\u2019amande de Taormina : le Blandanino incarne toute l\u2019\u00e9l\u00e9gance de la tradition sicilienne dans un go\u00fbt unique et raffin\u00e9.","robots":{"index":"index","follow":"follow","max-snippet":"max-snippet:-1","max-image-preview":"max-image-preview:large","max-video-preview":"max-video-preview:-1"},"canonical":"https:\/\/vinoallamandorla.com\/fr\/prodotto\/vin-damande-il-blandanino-carton-de-6-bouteilles\/","og_locale":"fr_FR","og_type":"article","og_title":"Vin d\u2019amande Taormina","og_description":"Achetez en ligne le v\u00e9ritable vin d\u2019amande de Taormina : le Blandanino incarne toute l\u2019\u00e9l\u00e9gance de la tradition sicilienne dans un go\u00fbt unique et raffin\u00e9.","og_url":"https:\/\/vinoallamandorla.com\/fr\/prodotto\/vin-damande-il-blandanino-carton-de-6-bouteilles\/","og_site_name":"Vino Alla Mandorla","article_modified_time":"2026-03-27T09:28:58+00:00","og_image":[{"width":1154,"height":1808,"url":"https:\/\/vinoallamandorla.com\/wp-content\/uploads\/2025\/05\/vinio1-min.jpg","type":"image\/jpeg"}],"twitter_card":"summary_large_image","twitter_misc":{"Dur\u00e9e de lecture estim\u00e9e":"1 minute"},"schema":{"@context":"https:\/\/schema.org","@graph":[{"@type":"WebPage","@id":"https:\/\/vinoallamandorla.com\/fr\/prodotto\/vin-damande-il-blandanino-carton-de-6-bouteilles\/","url":"https:\/\/vinoallamandorla.com\/fr\/prodotto\/vin-damande-il-blandanino-carton-de-6-bouteilles\/","name":"Vin d\u2019amande Taormina","isPartOf":{"@id":"https:\/\/vinoallamandorla.com\/fr\/#website"},"primaryImageOfPage":{"@id":"https:\/\/vinoallamandorla.com\/fr\/prodotto\/vin-damande-il-blandanino-carton-de-6-bouteilles\/#primaryimage"},"image":{"@id":"https:\/\/vinoallamandorla.com\/fr\/prodotto\/vin-damande-il-blandanino-carton-de-6-bouteilles\/#primaryimage"},"thumbnailUrl":"https:\/\/vinoallamandorla.com\/wp-content\/uploads\/2025\/05\/vinio1-min.jpg","datePublished":"2025-05-06T13:10:55+00:00","dateModified":"2026-03-27T09:28:58+00:00","description":"Achetez en ligne le v\u00e9ritable vin d\u2019amande de Taormina : le Blandanino incarne toute l\u2019\u00e9l\u00e9gance de la tradition sicilienne dans un go\u00fbt unique et raffin\u00e9.","breadcrumb":{"@id":"https:\/\/vinoallamandorla.com\/fr\/prodotto\/vin-damande-il-blandanino-carton-de-6-bouteilles\/#breadcrumb"},"inLanguage":"fr-FR","potentialAction":[{"@type":"ReadAction","target":["https:\/\/vinoallamandorla.com\/fr\/prodotto\/vin-damande-il-blandanino-carton-de-6-bouteilles\/"]}]},{"@type":"ImageObject","inLanguage":"fr-FR","@id":"https:\/\/vinoallamandorla.com\/fr\/prodotto\/vin-damande-il-blandanino-carton-de-6-bouteilles\/#primaryimage","url":"https:\/\/vinoallamandorla.com\/wp-content\/uploads\/2025\/05\/vinio1-min.jpg","contentUrl":"https:\/\/vinoallamandorla.com\/wp-content\/uploads\/2025\/05\/vinio1-min.jpg","width":1154,"height":1808},{"@type":"BreadcrumbList","@id":"https:\/\/vinoallamandorla.com\/fr\/prodotto\/vin-damande-il-blandanino-carton-de-6-bouteilles\/#breadcrumb","itemListElement":[{"@type":"ListItem","position":1,"name":"Home","item":"https:\/\/vinoallamandorla.com\/fr\/"},{"@type":"ListItem","position":2,"name":"Boutique","item":"https:\/\/vinoallamandorla.com\/fr\/boutique\/"},{"@type":"ListItem","position":3,"name":"Vin aromatis\u00e9 aux amandes \u00ab Il Blandanino \u00bb"}]},{"@type":"WebSite","@id":"https:\/\/vinoallamandorla.com\/fr\/#website","url":"https:\/\/vinoallamandorla.com\/fr\/","name":"Vino Alla Mandorla","description":"","publisher":{"@id":"https:\/\/vinoallamandorla.com\/fr\/#organization"},"potentialAction":[{"@type":"SearchAction","target":{"@type":"EntryPoint","urlTemplate":"https:\/\/vinoallamandorla.com\/fr\/?s={search_term_string}"},"query-input":{"@type":"PropertyValueSpecification","valueRequired":true,"valueName":"search_term_string"}}],"inLanguage":"fr-FR"},{"@type":"Organization","@id":"https:\/\/vinoallamandorla.com\/fr\/#organization","name":"Vino Alla Mandorla","url":"https:\/\/vinoallamandorla.com\/fr\/","logo":{"@type":"ImageObject","inLanguage":"fr-FR","@id":"https:\/\/vinoallamandorla.com\/fr\/#\/schema\/logo\/image\/","url":"https:\/\/vinoallamandorla.com\/wp-content\/uploads\/2025\/06\/logo-black.png","contentUrl":"https:\/\/vinoallamandorla.com\/wp-content\/uploads\/2025\/06\/logo-black.png","width":800,"height":316,"caption":"Vino Alla Mandorla"},"image":{"@id":"https:\/\/vinoallamandorla.com\/fr\/#\/schema\/logo\/image\/"}}]}},"_links":{"self":[{"href":"https:\/\/vinoallamandorla.com\/fr\/wp-json\/wp\/v2\/product\/635","targetHints":{"allow":["GET"]}}],"collection":[{"href":"https:\/\/vinoallamandorla.com\/fr\/wp-json\/wp\/v2\/product"}],"about":[{"href":"https:\/\/vinoallamandorla.com\/fr\/wp-json\/wp\/v2\/types\/product"}],"replies":[{"embeddable":true,"href":"https:\/\/vinoallamandorla.com\/fr\/wp-json\/wp\/v2\/comments?post=635"}],"wp:featuredmedia":[{"embeddable":true,"href":"https:\/\/vinoallamandorla.com\/fr\/wp-json\/wp\/v2\/media\/629"}],"wp:attachment":[{"href":"https:\/\/vinoallamandorla.com\/fr\/wp-json\/wp\/v2\/media?parent=635"}],"wp:term":[{"taxonomy":"product_brand","embeddable":true,"href":"https:\/\/vinoallamandorla.com\/fr\/wp-json\/wp\/v2\/product_brand?post=635"},{"taxonomy":"product_cat","embeddable":true,"href":"https:\/\/vinoallamandorla.com\/fr\/wp-json\/wp\/v2\/product_cat?post=635"},{"taxonomy":"product_tag","embeddable":true,"href":"https:\/\/vinoallamandorla.com\/fr\/wp-json\/wp\/v2\/product_tag?post=635"}],"curies":[{"name":"wp","href":"https:\/\/api.w.org\/{rel}","templated":true}]}}